{"id":827,"date":"2019-09-30T17:08:48","date_gmt":"2019-09-30T17:08:48","guid":{"rendered":"https:\/\/mat-travel.com\/?page_id=827"},"modified":"2026-01-12T10:08:53","modified_gmt":"2026-01-12T10:08:53","slug":"about-us","status":"publish","type":"page","link":"https:\/\/mat-travel.com\/de\/about-us\/","title":{"rendered":"Treffen Sie das Team"},"content":{"rendered":"<p>Der Kern von Mat-Travel Tours and Safaris\nbesteht aus unseren drei festangestellten, engagierten und erfahrenen Teammitgliedern. Um unser Angebot zu erweitern und die Qualit\u00e4t der Dienstleistungen w\u00e4hrend Ihrer Reise zu gew\u00e4hrleisten, haben wir zus\u00e4tzlich eine handverlesene Auswahl an Teilzeit- und freiberuflichen Mitarbeitern. Gemeinsam sorgen wir daf\u00fcr, dass wir unserem Grundsatz gerecht werden: Erleben Sie Erstaunliches.<\/p>\n\n\n\n<p>Wir wissen, dass die Menschen, denen Sie auf Ihren\nReisen begegnen, \u00fcber den Erfolg oder Misserfolg Ihrer Reise entscheiden k\u00f6nnen. Deshalb wissen wir, dass unsere Mitarbeiter unser gr\u00f6\u00dftes Kapital sind. Es ist das, was Ihren Urlaub in Namibia zu etwas ganz Besonderem macht und was uns von den gro\u00dfen Reiseb\u00fcros unterscheidet. Sie k\u00f6nnen sich darauf verlassen, dass Sie ein ganz pers\u00f6nliches Erlebnis haben werden!<\/p>\n\n\n\n<p>Wenn Sie eine Tour mit Mat-Travel Tours und\nSafaris buchen, profitieren Sie direkt von unseren lokalen Kenntnissen und unserer jahrelanger Erfahrung bei der Planung von Safaris in Namibia. <\/p>\n\n\n\n<h2 class=\"wp-block-heading has-text-align-center\">Mathieu Connor <\/h2>\n\n\n\n<figure class=\"wp-block-image size-large\"><img loading=\"lazy\" decoding=\"async\" width=\"1024\" height=\"682\" src=\"https:\/\/mat-travel.com\/wp-content\/uploads\/2026\/01\/Mathieu-Connor-Director-Mat-Travel-1024x682.webp\" alt=\"Mathieu Connor Director Mat-Travel\" class=\"wp-image-9472\" srcset=\"https:\/\/mat-travel.com\/wp-content\/uploads\/2026\/01\/Mathieu-Connor-Director-Mat-Travel-1024x682.webp 1024w, https:\/\/mat-travel.com\/wp-content\/uploads\/2026\/01\/Mathieu-Connor-Director-Mat-Travel-300x200.webp 300w, https:\/\/mat-travel.com\/wp-content\/uploads\/2026\/01\/Mathieu-Connor-Director-Mat-Travel-768x512.webp 768w, https:\/\/mat-travel.com\/wp-content\/uploads\/2026\/01\/Mathieu-Connor-Director-Mat-Travel-18x12.webp 18w, https:\/\/mat-travel.com\/wp-content\/uploads\/2026\/01\/Mathieu-Connor-Director-Mat-Travel.webp 1280w\" sizes=\"auto, (max-width: 1024px) 100vw, 1024px\" \/><\/figure>\n\n\n\n<p>Owner and Managing Director of Mat-Travel Tours and Safaris, <a href=\"https:\/\/www.linkedin.com\/in\/mathieu-connor-4a22a289\/\" target=\"_blank\" rel=\"noopener\" title=\"Mathieu Connor on LinkedIn\">Mathieu Connor<\/a> has always had a passion for traveling Namibia. This passionate and energetic entrepreneur grew up exploring Namibia with his family in a Series 3 Land Rover. For him, camping, traveling and experiencing nature at its finest isn\u2019t a holiday &#8211; it\u2019s a way of life.<\/p>\n\n\n\n<p>Angetrieben davon exzellenten Service zu bieten und seine Liebe zu Namibia mit Reiselustigen aus aller Welt zu teilen, ist Mathieu selbst wesentlich an der Planung der Reisen beteiligt und beaufsichtigt den Betrieb um jederzeit die beste Qualit\u00e4t gew\u00e4hrleisten zu k\u00f6nnen.<\/p>\n\n\n\n<p>\u201cI love helping plan someone\u2019s holiday and then<br>sharing their excitement once they arrive. Knowing that we were able to<br>organise their trip and support them in their ideas is just a wonderful<br>feeling. Although it\u2019s the destination that really shines &#8211; there\u2019s just<br>nothing better than Namibia &#8211; we make it simple and convenient for our guests.\u201d<br><\/p>\n\n\n\n<h2 class=\"wp-block-heading has-text-align-center\">Laura Connor<\/h2>\n\n\n\n<figure class=\"wp-block-image aligncenter size-large\"><img loading=\"lazy\" decoding=\"async\" width=\"1000\" height=\"667\" src=\"https:\/\/mat-travel.com\/wp-content\/uploads\/2019\/11\/Laura.jpg\" alt=\"\" class=\"wp-image-863\" srcset=\"https:\/\/mat-travel.com\/wp-content\/uploads\/2019\/11\/Laura.jpg 1000w, https:\/\/mat-travel.com\/wp-content\/uploads\/2019\/11\/Laura-300x200.jpg 300w, https:\/\/mat-travel.com\/wp-content\/uploads\/2019\/11\/Laura-150x100.jpg 150w, https:\/\/mat-travel.com\/wp-content\/uploads\/2019\/11\/Laura-768x512.jpg 768w, https:\/\/mat-travel.com\/wp-content\/uploads\/2019\/11\/Laura-65x43.jpg 65w, https:\/\/mat-travel.com\/wp-content\/uploads\/2019\/11\/Laura-220x147.jpg 220w, https:\/\/mat-travel.com\/wp-content\/uploads\/2019\/11\/Laura-358x239.jpg 358w, https:\/\/mat-travel.com\/wp-content\/uploads\/2019\/11\/Laura-600x400.jpg 600w, https:\/\/mat-travel.com\/wp-content\/uploads\/2019\/11\/Laura-675x450.jpg 675w, https:\/\/mat-travel.com\/wp-content\/uploads\/2019\/11\/Laura-765x510.jpg 765w\" sizes=\"auto, (max-width: 1000px) 100vw, 1000px\" \/><\/figure>\n\n\n\n<p>Laura, unsere deutsche Buchungsagentin, ist im Schwarzwald geboren und aufgewachsen. Da ihr Vater ein Namibier deutscher Abstammung ist, verbrachten sie viele lange Urlaube auf Reisen durch ganz Namibia. Schon bald beschloss die Familie, in die kleine Stadt Swakopmund an der namibischen K\u00fcste umzuziehen. <\/p>\n\n\n\n<p>Mit ihren hervorragenden Deutsch- und\nEnglischkenntnissen ist Laura eine unsch\u00e4tzbare Bereicherung f\u00fcr Mat-Travel. Sie hilft bei allen deutschen Anfragen und plant Reiserouten f\u00fcr unsere deutschen Kunden, unterst\u00fctzt aber auch auf der englischen Seite.\nIhre wunderbaren Erinnerungen und Eindr\u00fccke von Safaris in Namibia in Ihrer Kindheit leben in ihrer Arbeit weiter und sind in der Kommunikation mit den G\u00e4sten von Mat-Travel zu sp\u00fcren.<\/p>\n\n\n\n<p>\"Reisen \u00f6ffnet die Augen f\u00fcr die Welt wie keine andere Erfahrung. Wenn ich auch nur einen kleinen Beitrag dazu leisten kann, dass Ihr Urlaub\nunvergesslich wird, werde ich alles tun, um Sie dabei zu unterst\u00fctzen.\"<\/p>\n\n\n\n<h2 class=\"wp-block-heading has-text-align-center\">Benjamin Harado\u00ebb<\/h2>\n\n\n\n<figure class=\"wp-block-image aligncenter size-large\"><img loading=\"lazy\" decoding=\"async\" width=\"1000\" height=\"667\" src=\"https:\/\/mat-travel.com\/wp-content\/uploads\/2019\/11\/Ben.jpg\" alt=\"\" class=\"wp-image-864\" srcset=\"https:\/\/mat-travel.com\/wp-content\/uploads\/2019\/11\/Ben.jpg 1000w, https:\/\/mat-travel.com\/wp-content\/uploads\/2019\/11\/Ben-300x200.jpg 300w, https:\/\/mat-travel.com\/wp-content\/uploads\/2019\/11\/Ben-150x100.jpg 150w, https:\/\/mat-travel.com\/wp-content\/uploads\/2019\/11\/Ben-768x512.jpg 768w, https:\/\/mat-travel.com\/wp-content\/uploads\/2019\/11\/Ben-65x43.jpg 65w, https:\/\/mat-travel.com\/wp-content\/uploads\/2019\/11\/Ben-220x147.jpg 220w, https:\/\/mat-travel.com\/wp-content\/uploads\/2019\/11\/Ben-358x239.jpg 358w, https:\/\/mat-travel.com\/wp-content\/uploads\/2019\/11\/Ben-600x400.jpg 600w, https:\/\/mat-travel.com\/wp-content\/uploads\/2019\/11\/Ben-675x450.jpg 675w, https:\/\/mat-travel.com\/wp-content\/uploads\/2019\/11\/Ben-765x510.jpg 765w\" sizes=\"auto, (max-width: 1000px) 100vw, 1000px\" \/><\/figure>\n\n\n\n<p>Als unser zuverl\u00e4ssigster Fahrer und Allesk\u00f6nner ist Benjamin der dienst\u00e4lteste Mitarbeiter von Mat-Travels. Er ist fast seit den Anf\u00e4ngen des Unternehmens dabei, wodurch er einen tiefen Einblick in die Bed\u00fcrfnisse und W\u00fcnsche der G\u00e4ste hat.<\/p>\n\n\n\n<p>Einfach Ben genannt, teilt er seine Begeisterung mit den Reisenden und sorgt daf\u00fcr, dass sie sicher und gut an ihr Ziel kommen. Da er im l\u00e4ndlichen Damaraland aufgewachsen ist, ist Ben \u00e4u\u00dferst begabt im Reparieren von Dingen sowie im Vorbereiten und Verpacken von Ausr\u00fcstung. Seine Hingabe und sein Einsatz sind mit ein Grund daf\u00fcr, dass Mat-Travel so tolle Erlebnisse anbieten kann.<\/p>","protected":false},"excerpt":{"rendered":"<p>The core of Mat-Travel Tours and Safaris is formed by four permanent, dedicated and experienced team members. To extend our offerings and ensure quality service delivery throughout your travelling experience, we also have a hand-picked selection of part-time and freelance staff. Together, we make sure to live up to our motto: Experience amazing. We know [&hellip;]<\/p>\n","protected":false},"author":1,"featured_media":0,"parent":0,"menu_order":0,"comment_status":"closed","ping_status":"closed","template":"","meta":{"_uag_custom_page_level_css":"","site-sidebar-layout":"default","site-content-layout":"default","ast-site-content-layout":"default","site-content-style":"default","site-sidebar-style":"default","ast-global-header-display":"","ast-banner-title-visibility":"","ast-main-header-display":"","ast-hfb-above-header-display":"","ast-hfb-below-header-display":"","ast-hfb-mobile-header-display":"","site-post-title":"","ast-breadcrumbs-content":"","ast-featured-img":"","footer-sml-layout":"","ast-disable-related-posts":"","theme-transparent-header-meta":"default","adv-header-id-meta":"","stick-header-meta":"","header-above-stick-meta":"","header-main-stick-meta":"","header-below-stick-meta":"","astra-migrate-meta-layouts":"set","ast-page-background-enabled":"default","ast-page-background-meta":{"desktop":{"background-color":"","background-image":"","background-repeat":"repeat","background-position":"center center","background-size":"auto","background-attachment":"scroll","background-type":"","background-media":"","overlay-type":"","overlay-color":"","overlay-opacity":"","overlay-gradient":""},"tablet":{"background-color":"","background-image":"","background-repeat":"repeat","background-position":"center center","background-size":"auto","background-attachment":"scroll","background-type":"","background-media":"","overlay-type":"","overlay-color":"","overlay-opacity":"","overlay-gradient":""},"mobile":{"background-color":"","background-image":"","background-repeat":"repeat","background-position":"center center","background-size":"auto","background-attachment":"scroll","background-type":"","background-media":"","overlay-type":"","overlay-color":"","overlay-opacity":"","overlay-gradient":""}},"ast-content-background-meta":{"desktop":{"background-color":"var(--ast-global-color-5)","background-image":"","background-repeat":"repeat","background-position":"center center","background-size":"auto","background-attachment":"scroll","background-type":"","background-media":"","overlay-type":"","overlay-color":"","overlay-opacity":"","overlay-gradient":""},"tablet":{"background-color":"var(--ast-global-color-5)","background-image":"","background-repeat":"repeat","background-position":"center center","background-size":"auto","background-attachment":"scroll","background-type":"","background-media":"","overlay-type":"","overlay-color":"","overlay-opacity":"","overlay-gradient":""},"mobile":{"background-color":"var(--ast-global-color-5)","background-image":"","background-repeat":"repeat","background-position":"center center","background-size":"auto","background-attachment":"scroll","background-type":"","background-media":"","overlay-type":"","overlay-color":"","overlay-opacity":"","overlay-gradient":""}},"slim_seo":{"title":"Mat Travel Reisen und Safaris: Namibia Reiseagentur","description":"Kommen Sie mit uns nach Namibia und lassen Sie sich verzaubern. Lernen Sie das Team kennen, das Ihnen bei der Planung Ihres Traumurlaubs in Namibia hilft. Erleben Sie Unglaubliches..."},"footnotes":""},"class_list":["post-827","page","type-page","status-publish","hentry"],"uagb_featured_image_src":{"full":false,"thumbnail":false,"medium":false,"medium_large":false,"large":false,"trip-thumb-size":false,"destination-thumb-size":false,"destination-thumb-trip-size":false,"activities-thumb-size":false,"trip-single-size":false,"1536x1536":false,"2048x2048":false,"trp-custom-language-flag":false,"wte-embed-list-image":false,"wte-embed-grid-image":false},"uagb_author_info":{"display_name":"MatAdmin","author_link":"https:\/\/mat-travel.com\/de\/author\/getlostinnamibiawithus\/"},"uagb_comment_info":0,"uagb_excerpt":"The core of Mat-Travel Tours and Safaris is formed by four permanent, dedicated and experienced team members. To extend our offerings and ensure quality service delivery throughout your travelling experience, we also have a hand-picked selection of part-time and freelance staff. Together, we make sure to live up to our motto: Experience amazing. We know&hellip;","_links":{"self":[{"href":"https:\/\/mat-travel.com\/de\/wp-json\/wp\/v2\/pages\/827","targetHints":{"allow":["GET"]}}],"collection":[{"href":"https:\/\/mat-travel.com\/de\/wp-json\/wp\/v2\/pages"}],"about":[{"href":"https:\/\/mat-travel.com\/de\/wp-json\/wp\/v2\/types\/page"}],"author":[{"embeddable":true,"href":"https:\/\/mat-travel.com\/de\/wp-json\/wp\/v2\/users\/1"}],"replies":[{"embeddable":true,"href":"https:\/\/mat-travel.com\/de\/wp-json\/wp\/v2\/comments?post=827"}],"version-history":[{"count":7,"href":"https:\/\/mat-travel.com\/de\/wp-json\/wp\/v2\/pages\/827\/revisions"}],"predecessor-version":[{"id":9473,"href":"https:\/\/mat-travel.com\/de\/wp-json\/wp\/v2\/pages\/827\/revisions\/9473"}],"wp:attachment":[{"href":"https:\/\/mat-travel.com\/de\/wp-json\/wp\/v2\/media?parent=827"}],"curies":[{"name":"wp","href":"https:\/\/api.w.org\/{rel}","templated":true}]}}