{"id":6863,"date":"2022-11-11T13:01:05","date_gmt":"2022-11-11T13:01:05","guid":{"rendered":"https:\/\/mat-travel.com\/activities\/"},"modified":"2026-01-13T07:50:30","modified_gmt":"2026-01-13T07:50:30","slug":"activities","status":"publish","type":"page","link":"https:\/\/mat-travel.com\/de\/activities\/","title":{"rendered":"Aktivit\u00e4ten"},"content":{"rendered":"<h1 class=\"wp-block-heading\"><strong>Entdecken Sie die besten Aktivit\u00e4ten in Namibia mit Mat-Travel<\/strong><\/h1>\n\n\n\n\n\n\n\n<p>Namibia ist einerstklassiges Reiseziel und ist besonders f\u00fcr die atemberaubenden Landschaften, die reiche Tierwelt und die aufregenden Abenteuer bekannt ist. Egal, ob Sie einen Adrenalinsto\u00df oder ein ruhiges Naturerlebnis suchen, unsere Experten haben die besten Aktivit\u00e4ten in <a href=\"https:\/\/visitnamibia.com.na\/\" target=\"_blank\" data-type=\"link\" data-id=\"https:\/\/visitnamibia.com.na\/\" rel=\"noreferrer noopener\">Namibia<\/a>f\u00fcr Sie herausgefunden. Unsere sorgf\u00e4ltig zusammengestellten Touren bieten unvergessliche Erlebnisse und sorgen daf\u00fcr, dass Sie das Beste aus Ihrem Besuch herausholen.<\/p>\n\n\n\n<p>Als f\u00fchrender Namibia-Safari- und Abenteuerreiseveranstalter ist Mat-Travel auf Wildtiersafaris, W\u00fcstenexkursionen und kulturelle Erlebnisse spezialisiert. Unsere Touren f\u00fchren Sie zu ikonischen Orten wie dem <a href=\"https:\/\/mat-travel.com\/de\/destinations\/namibia\/etosha-national-park\/\">Etoscha-Nationalpark<\/a>, Sossusvlei, und die Skelettk\u00fcste. Genie\u00dfen Sie Aktivit\u00e4ten wie D\u00fcnenbesteigung , <a href=\"https:\/\/mat-travel.com\/de\/activities\/hot-air-balloon-sossusvlei-namib-sky\/\">Hei\u00dflusftballonfahrten<\/a>und Sternenbeobachtung in der Namib-W\u00fcste. Mit fachkundigen Reiseleitern und sorgf\u00e4ltig geplanten Reiserouten sorgen wir f\u00fcr ein nahtloses Reiseerlebnis und zeigen Ihnen das Beste, was Namibia zu bieten hat.<\/p>\n\n\n\n<h3 class=\"wp-block-heading\">Warum sollten Sie sich f\u00fcr Mat-Travel entscheiden?<\/h3>\n\n\n\n<ul class=\"wp-block-list\">\n<li><strong>Professionell ausgearbeitete Reiserouten:<\/strong> Unsere Touren sind so konzipiert, dass sie die aufregendsten Aktivit\u00e4ten in Namibia hervorheben, von Wildtier-Safaris bis hin zu Quad-Biking in der W\u00fcste.<\/li>\n\n\n\n<li><strong>Lokales Wissen:<\/strong> Wir arbeiten mit erfahrenen Reiseleitern zusammen, die Ihnen tiefe Einblicke in die Landschaften, die Geschichte und die Tierwelt Namibias geben.<\/li>\n\n\n\n<li><strong>Flexible Reiseoptionen:<\/strong> Ganz gleich, ob Sie eine luxuri\u00f6se Safari, einen abenteuerlichen Urlaub oder ein kulturelles Erlebnis suchen, wir haben die perfekte Reiseroute f\u00fcr Sie.<\/li>\n\n\n\n<li><strong>Nachhaltiger Tourismus:<\/strong> Wir unterst\u00fctzen Naturschutzbem\u00fchungen und arbeiten mit lokalen Gemeinschaften zusammen, um verantwortungsvolles Reisen zu f\u00f6rdern.<\/li>\n<\/ul>\n\n\n\n<h3 class=\"wp-block-heading\">Planen Sie noch heute Ihr Namibia Abenteuer<\/h3>\n\n\n\n<p>Sie suchen nach den besten Aktivit\u00e4ten in Namibia? Mat-Travel hat ganz sicher die richtige Tour f\u00fcr Sie! St\u00f6bern Sie in unseren Reisepl\u00e4nen und beginnen Sie noch heute mit der Planung Ihrer Traumreise. Buchen Sie mit uns und erleben Sie das Abenteuer Ihres Lebens in einem der spektakul\u00e4rsten Reiseziele Afrikas.<\/p>","protected":false},"excerpt":{"rendered":"<p>Discover the Best Activities in Namibia with Mat-Travel Namibia is a top travel destination known for its breathtaking landscapes, rich wildlife, and thrilling adventures. Whether you&#8217;re seeking an adrenaline rush or a peaceful nature experience, our experts have uncovered the best activities in Namibia. Our carefully curated tours provide unforgettable experiences, ensuring you make the [&hellip;]<\/p>\n","protected":false},"author":1,"featured_media":0,"parent":0,"menu_order":0,"comment_status":"closed","ping_status":"closed","template":"templates\/template-activities.php","meta":{"_uag_custom_page_level_css":"","site-sidebar-layout":"default","site-content-layout":"","ast-site-content-layout":"default","site-content-style":"default","site-sidebar-style":"default","ast-global-header-display":"","ast-banner-title-visibility":"","ast-main-header-display":"","ast-hfb-above-header-display":"","ast-hfb-below-header-display":"","ast-hfb-mobile-header-display":"","site-post-title":"","ast-breadcrumbs-content":"","ast-featured-img":"","footer-sml-layout":"","ast-disable-related-posts":"","theme-transparent-header-meta":"","adv-header-id-meta":"","stick-header-meta":"","header-above-stick-meta":"","header-main-stick-meta":"","header-below-stick-meta":"","astra-migrate-meta-layouts":"set","ast-page-background-enabled":"default","ast-page-background-meta":{"desktop":{"background-color":"","background-image":"","background-repeat":"repeat","background-position":"center center","background-size":"auto","background-attachment":"scroll","background-type":"","background-media":"","overlay-type":"","overlay-color":"","overlay-opacity":"","overlay-gradient":""},"tablet":{"background-color":"","background-image":"","background-repeat":"repeat","background-position":"center center","background-size":"auto","background-attachment":"scroll","background-type":"","background-media":"","overlay-type":"","overlay-color":"","overlay-opacity":"","overlay-gradient":""},"mobile":{"background-color":"","background-image":"","background-repeat":"repeat","background-position":"center center","background-size":"auto","background-attachment":"scroll","background-type":"","background-media":"","overlay-type":"","overlay-color":"","overlay-opacity":"","overlay-gradient":""}},"ast-content-background-meta":{"desktop":{"background-color":"var(--ast-global-color-5)","background-image":"","background-repeat":"repeat","background-position":"center center","background-size":"auto","background-attachment":"scroll","background-type":"","background-media":"","overlay-type":"","overlay-color":"","overlay-opacity":"","overlay-gradient":""},"tablet":{"background-color":"var(--ast-global-color-5)","background-image":"","background-repeat":"repeat","background-position":"center center","background-size":"auto","background-attachment":"scroll","background-type":"","background-media":"","overlay-type":"","overlay-color":"","overlay-opacity":"","overlay-gradient":""},"mobile":{"background-color":"var(--ast-global-color-5)","background-image":"","background-repeat":"repeat","background-position":"center center","background-size":"auto","background-attachment":"scroll","background-type":"","background-media":"","overlay-type":"","overlay-color":"","overlay-opacity":"","overlay-gradient":""}},"slim_seo":{"title":"Safari-Aktivit\u00e4ten im s\u00fcdlichen Afrika | Mat-Travel","description":"St\u00f6bern Sie in unseren handverlesenen Aktivit\u00e4ten f\u00fcr Safaris und Abenteuerferien in Namibia, Botswana, Sambia und Simbabwe. Von Etosha-Pirschfahrten \u00fcber W\u00fcstenexkursionen und Flussreisen, hier gibt es alles."},"footnotes":""},"class_list":["post-6863","page","type-page","status-publish","hentry"],"uagb_featured_image_src":{"full":false,"thumbnail":false,"medium":false,"medium_large":false,"large":false,"trip-thumb-size":false,"destination-thumb-size":false,"destination-thumb-trip-size":false,"activities-thumb-size":false,"trip-single-size":false,"1536x1536":false,"2048x2048":false,"trp-custom-language-flag":false,"wte-embed-list-image":false,"wte-embed-grid-image":false},"uagb_author_info":{"display_name":"MatAdmin","author_link":"https:\/\/mat-travel.com\/de\/author\/getlostinnamibiawithus\/"},"uagb_comment_info":0,"uagb_excerpt":"Discover the Best Activities in Namibia with Mat-Travel Namibia is a top travel destination known for its breathtaking landscapes, rich wildlife, and thrilling adventures. Whether you&#8217;re seeking an adrenaline rush or a peaceful nature experience, our experts have uncovered the best activities in Namibia. Our carefully curated tours provide unforgettable experiences, ensuring you make the&hellip;","_links":{"self":[{"href":"https:\/\/mat-travel.com\/de\/wp-json\/wp\/v2\/pages\/6863","targetHints":{"allow":["GET"]}}],"collection":[{"href":"https:\/\/mat-travel.com\/de\/wp-json\/wp\/v2\/pages"}],"about":[{"href":"https:\/\/mat-travel.com\/de\/wp-json\/wp\/v2\/types\/page"}],"author":[{"embeddable":true,"href":"https:\/\/mat-travel.com\/de\/wp-json\/wp\/v2\/users\/1"}],"replies":[{"embeddable":true,"href":"https:\/\/mat-travel.com\/de\/wp-json\/wp\/v2\/comments?post=6863"}],"version-history":[{"count":5,"href":"https:\/\/mat-travel.com\/de\/wp-json\/wp\/v2\/pages\/6863\/revisions"}],"predecessor-version":[{"id":8921,"href":"https:\/\/mat-travel.com\/de\/wp-json\/wp\/v2\/pages\/6863\/revisions\/8921"}],"wp:attachment":[{"href":"https:\/\/mat-travel.com\/de\/wp-json\/wp\/v2\/media?parent=6863"}],"curies":[{"name":"wp","href":"https:\/\/api.w.org\/{rel}","templated":true}]}}