{"id":6861,"date":"2022-11-11T13:01:02","date_gmt":"2022-11-11T13:01:02","guid":{"rendered":"https:\/\/mat-travel.com\/trip-types\/"},"modified":"2025-03-07T13:09:34","modified_gmt":"2025-03-07T13:09:34","slug":"trip-types","status":"publish","type":"page","link":"https:\/\/mat-travel.com\/de\/trip-types\/","title":{"rendered":"Arten von Touren und Trips"},"content":{"rendered":"<h1 class=\"wp-block-heading\">Entdecken Sie unsere Safari-Optionen<\/h1>\n\n\n\n<p>Bei Mat-Travel bieten wir drei einzigartige Arten eine Safari in Namibia zu erleben. Hier ist f\u00fcr jeden Abenteurer und f\u00fcr jedes Budget etwas dabei:<\/p>\n\n\n\n<ul class=\"wp-block-list\">\n<li><strong>Gef\u00fchrte Touren<\/strong>: Begleiten Sie unsere erfahrenen Reiseleiter auf unvergesslichen Reisen durch die atemberaubenden Landschaften Namibias. Erleben Sie die Sch\u00f6nheit der Wildnis und erfahren Sie von sachkundigen Einheimischen mehr \u00fcber die reiche Artenvielfalt und das kulturelle Erbe.<\/li>\n\n\n\n<li><strong>Selbstfahrer Abenteuer<\/strong>: F\u00fcr unabh\u00e4ngige Reisende bieten unsere Selbstfahrertouren die Freiheit, das Land in Ihrem eigenen Tempo zu erkunden. Mit detaillierten Reisepl\u00e4nen und Unterst\u00fctzung k\u00f6nnen Sie Namibias ikonische Routen erkunden und versteckte Juwelen entlang des Weges entdecken.<\/li>\n\n\n\n<li><strong>Budget Safaris<\/strong>: Erleben Sie den Nervenkitzel einer Namibia-Safari, ohne das Budget zu sprengen. Unsere budgetfreundlichen Optionen sind gut durchdacht, ohne dass die Qualit\u00e4t darunter leidet und sind am besten geeignet f\u00fcr entspannte Reisende. <\/li>\n<\/ul>","protected":false},"excerpt":{"rendered":"<p>Explore Our Safari Trip Options At Mat-Travel, we offer three unique safari experiences to suit every adventurer&#8217;s style and budget:<\/p>","protected":false},"author":1,"featured_media":8463,"parent":0,"menu_order":0,"comment_status":"closed","ping_status":"closed","template":"templates\/template-trip_types.php","meta":{"_uag_custom_page_level_css":"","site-sidebar-layout":"default","site-content-layout":"","ast-site-content-layout":"default","site-content-style":"default","site-sidebar-style":"default","ast-global-header-display":"","ast-banner-title-visibility":"","ast-main-header-display":"","ast-hfb-above-header-display":"","ast-hfb-below-header-display":"","ast-hfb-mobile-header-display":"","site-post-title":"","ast-breadcrumbs-content":"","ast-featured-img":"","footer-sml-layout":"","ast-disable-related-posts":"","theme-transparent-header-meta":"","adv-header-id-meta":"","stick-header-meta":"","header-above-stick-meta":"","header-main-stick-meta":"","header-below-stick-meta":"","astra-migrate-meta-layouts":"set","ast-page-background-enabled":"default","ast-page-background-meta":{"desktop":{"background-color":"","background-image":"","background-repeat":"repeat","background-position":"center center","background-size":"auto","background-attachment":"scroll","background-type":"","background-media":"","overlay-type":"","overlay-color":"","overlay-opacity":"","overlay-gradient":""},"tablet":{"background-color":"","background-image":"","background-repeat":"repeat","background-position":"center center","background-size":"auto","background-attachment":"scroll","background-type":"","background-media":"","overlay-type":"","overlay-color":"","overlay-opacity":"","overlay-gradient":""},"mobile":{"background-color":"","background-image":"","background-repeat":"repeat","background-position":"center center","background-size":"auto","background-attachment":"scroll","background-type":"","background-media":"","overlay-type":"","overlay-color":"","overlay-opacity":"","overlay-gradient":""}},"ast-content-background-meta":{"desktop":{"background-color":"var(--ast-global-color-5)","background-image":"","background-repeat":"repeat","background-position":"center center","background-size":"auto","background-attachment":"scroll","background-type":"","background-media":"","overlay-type":"","overlay-color":"","overlay-opacity":"","overlay-gradient":""},"tablet":{"background-color":"var(--ast-global-color-5)","background-image":"","background-repeat":"repeat","background-position":"center center","background-size":"auto","background-attachment":"scroll","background-type":"","background-media":"","overlay-type":"","overlay-color":"","overlay-opacity":"","overlay-gradient":""},"mobile":{"background-color":"var(--ast-global-color-5)","background-image":"","background-repeat":"repeat","background-position":"center center","background-size":"auto","background-attachment":"scroll","background-type":"","background-media":"","overlay-type":"","overlay-color":"","overlay-opacity":"","overlay-gradient":""}},"slim_seo":{"title":"Entdecken Sie einzigartige Reisearten: Gef\u00fchrte Touren, Selbstfahrer-Safaris, Budget-Safaris","description":"Entdecken Sie mit Mat-Travel vielf\u00e4ltige Reisearten, darunter gef\u00fchrte Touren, Selbstfahrer-Abenteuer und preisg\u00fcnstige Safaris, die auf jeden Reisenden zugeschnitten sind.","facebook_image":"https:\/\/mat-travel.com\/wp-content\/uploads\/2024\/10\/DSC_7536.jpg"},"footnotes":""},"class_list":["post-6861","page","type-page","status-publish","has-post-thumbnail","hentry"],"uagb_featured_image_src":{"full":["https:\/\/mat-travel.com\/wp-content\/uploads\/2024\/10\/DSC_7536.jpg",944,628,false],"thumbnail":["https:\/\/mat-travel.com\/wp-content\/uploads\/2024\/10\/DSC_7536-150x150.jpg",150,150,true],"medium":["https:\/\/mat-travel.com\/wp-content\/uploads\/2024\/10\/DSC_7536-300x200.jpg",300,200,true],"medium_large":["https:\/\/mat-travel.com\/wp-content\/uploads\/2024\/10\/DSC_7536-768x511.jpg",768,511,true],"large":["https:\/\/mat-travel.com\/wp-content\/uploads\/2024\/10\/DSC_7536.jpg",944,628,false],"trip-thumb-size":["https:\/\/mat-travel.com\/wp-content\/uploads\/2024\/10\/DSC_7536-374x226.jpg",374,226,true],"destination-thumb-size":["https:\/\/mat-travel.com\/wp-content\/uploads\/2024\/10\/DSC_7536-600x628.jpg",600,628,true],"destination-thumb-trip-size":["https:\/\/mat-travel.com\/wp-content\/uploads\/2024\/10\/DSC_7536-410x250.jpg",410,250,true],"activities-thumb-size":["https:\/\/mat-travel.com\/wp-content\/uploads\/2024\/10\/DSC_7536-600x628.jpg",600,628,true],"trip-single-size":["https:\/\/mat-travel.com\/wp-content\/uploads\/2024\/10\/DSC_7536-944x490.jpg",944,490,true],"1536x1536":["https:\/\/mat-travel.com\/wp-content\/uploads\/2024\/10\/DSC_7536.jpg",944,628,false],"2048x2048":["https:\/\/mat-travel.com\/wp-content\/uploads\/2024\/10\/DSC_7536.jpg",944,628,false],"trp-custom-language-flag":["https:\/\/mat-travel.com\/wp-content\/uploads\/2024\/10\/DSC_7536-18x12.jpg",18,12,true],"wte-embed-list-image":["https:\/\/mat-travel.com\/wp-content\/uploads\/2024\/10\/DSC_7536-252x200.jpg",252,200,true],"wte-embed-grid-image":["https:\/\/mat-travel.com\/wp-content\/uploads\/2024\/10\/DSC_7536-400x300.jpg",400,300,true]},"uagb_author_info":{"display_name":"MatAdmin","author_link":"https:\/\/mat-travel.com\/de\/author\/getlostinnamibiawithus\/"},"uagb_comment_info":0,"uagb_excerpt":"Explore Our Safari Trip Options At Mat-Travel, we offer three unique safari experiences to suit every adventurer&#8217;s style and budget:","_links":{"self":[{"href":"https:\/\/mat-travel.com\/de\/wp-json\/wp\/v2\/pages\/6861","targetHints":{"allow":["GET"]}}],"collection":[{"href":"https:\/\/mat-travel.com\/de\/wp-json\/wp\/v2\/pages"}],"about":[{"href":"https:\/\/mat-travel.com\/de\/wp-json\/wp\/v2\/types\/page"}],"author":[{"embeddable":true,"href":"https:\/\/mat-travel.com\/de\/wp-json\/wp\/v2\/users\/1"}],"replies":[{"embeddable":true,"href":"https:\/\/mat-travel.com\/de\/wp-json\/wp\/v2\/comments?post=6861"}],"version-history":[{"count":4,"href":"https:\/\/mat-travel.com\/de\/wp-json\/wp\/v2\/pages\/6861\/revisions"}],"predecessor-version":[{"id":9001,"href":"https:\/\/mat-travel.com\/de\/wp-json\/wp\/v2\/pages\/6861\/revisions\/9001"}],"wp:featuredmedia":[{"embeddable":true,"href":"https:\/\/mat-travel.com\/de\/wp-json\/wp\/v2\/media\/8463"}],"wp:attachment":[{"href":"https:\/\/mat-travel.com\/de\/wp-json\/wp\/v2\/media?parent=6861"}],"curies":[{"name":"wp","href":"https:\/\/api.w.org\/{rel}","templated":true}]}}