{"id":6721,"date":"2021-08-16T10:43:21","date_gmt":"2021-08-16T10:43:21","guid":{"rendered":"https:\/\/mat-travel.com\/?page_id=6721"},"modified":"2021-08-18T10:13:48","modified_gmt":"2021-08-18T10:13:48","slug":"kenya-travel-guide","status":"publish","type":"page","link":"https:\/\/mat-travel.com\/de\/kenya-travel-guide\/","title":{"rendered":"Kenya Reisef\u00fchrer"},"content":{"rendered":"<p>While Kenya is most commonly associated with safaris and the Maasai Mara, the country is full of incredible travel experiences that extend far beyond the stereotypes.<\/p>\n\n\n\n<p>Von einer K\u00fcste, die Sansibar Konkurrenz macht, \u00fcber eine M\u00e4rcheninsel, die Sie in die Vergangenheit zur\u00fcckversetzt, bis hin zu einem Schmelztiegel der Kulturen und Architektur \u2013 Kenia hat f\u00fcr jeden Reisenden etwas zu bieten.<\/p>\n\n\n\n<h2 class=\"wp-block-heading\"><\/h2>\n\n\n\n<div class=\"wp-block-image\"><figure class=\"aligncenter size-large\"><img loading=\"lazy\" decoding=\"async\" width=\"1024\" height=\"537\" src=\"https:\/\/mat-travel.com\/wp-content\/uploads\/2021\/08\/Kenya--1024x537.jpg\" alt=\"Herd of african elephants on a safari trip to Kenya and a snow capped Kilimanjaro mountain in Tanzania in the background.\" class=\"wp-image-6726\" srcset=\"https:\/\/mat-travel.com\/wp-content\/uploads\/2021\/08\/Kenya--1024x537.jpg 1024w, https:\/\/mat-travel.com\/wp-content\/uploads\/2021\/08\/Kenya--300x157.jpg 300w, https:\/\/mat-travel.com\/wp-content\/uploads\/2021\/08\/Kenya--768x402.jpg 768w, https:\/\/mat-travel.com\/wp-content\/uploads\/2021\/08\/Kenya--1536x805.jpg 1536w, https:\/\/mat-travel.com\/wp-content\/uploads\/2021\/08\/Kenya--18x9.jpg 18w, https:\/\/mat-travel.com\/wp-content\/uploads\/2021\/08\/Kenya-.jpg 2048w\" sizes=\"auto, (max-width: 1024px) 100vw, 1024px\" \/><figcaption>Elephants in Kenya<\/figcaption><\/figure><\/div>\n\n\n\n<h2 class=\"wp-block-heading\">Die beste Reisezeit f\u00fcr Kenya<\/h2>\n\n\n\n<p>Es gibt keine schlechte Zeit f\u00fcr einen Besuch in Kenia. Es h\u00e4ngt alles davon ab, was auf Ihrer Kenia-Bucket-Liste steht.<\/p>\n\n\n\n<p>M\u00f6chten Sie das gr\u00f6\u00dfte Wildtierspektakel der Welt erleben? Buchen Sie Ihre Reise zwischen Juli und September und beobachten Sie Tausende von Gnus, Zebras und Thomson-Gazellen auf der gef\u00e4hrlichen Rundreise zwischen der Serengeti und der Masai Mara.<\/p>\n\n\n\n<p>Wenn Sie die Gro\u00dfe Migration nicht unbedingt miterleben m\u00fcssen, aber trotzdem eine afrikanische Safari erleben m\u00f6chten, ist die Trockenzeit die beste Reisezeit f\u00fcr Kenia. Zwischen Januar und Februar sowie zwischen Juni und September k\u00f6nnen Sie die Tierwelt deutlich leichter beobachten, da Wasser knapp ist.<\/p>\n\n\n\n<p>W\u00e4hrend der Regenzeit (M\u00e4rz bis Mai und Oktober bis Dezember) haben Sie die M\u00f6glichkeit, Tierbabys und Hunderte von Zugv\u00f6geln bei der R\u00fcckkehr zu beobachten.<\/p>\n\n\n\n<p>F\u00fcr diejenigen, die den m\u00e4chtigen Mount Kenya bezwingen m\u00f6chten, ist die sicherste Zeit f\u00fcr eine Besteigung zwischen Januar und Februar sowie zwischen Juli und September. Das Wetter ist trocken und Sie k\u00f6nnen mit klaren, sonnigen Tagen rechnen.<\/p>\n\n\n\n<p>Einer der besten Gr\u00fcnde f\u00fcr eine Reise nach Kenia ist die K\u00fcste. Das ganze Jahr \u00fcber erwartet Sie hei\u00dfes, feuchtes Wetter \u2013 perfekt f\u00fcr entspannte Nachmittage am Diani Beach.<\/p>\n\n\n\n<h2 class=\"wp-block-heading\">Top-Reiseziele in Kenia<\/h2>\n\n\n\n<h3 class=\"wp-block-heading\">Masai Mara Nationalreservat<\/h3>\n\n\n\n<div class=\"wp-block-image\"><figure class=\"aligncenter size-large\"><img loading=\"lazy\" decoding=\"async\" width=\"1024\" height=\"679\" src=\"https:\/\/mat-travel.com\/wp-content\/uploads\/2021\/08\/Maasia-Mara-1024x679.jpg\" alt=\"Cheetah in Maasai Mara National Reserve \" class=\"wp-image-6727\" srcset=\"https:\/\/mat-travel.com\/wp-content\/uploads\/2021\/08\/Maasia-Mara-1024x679.jpg 1024w, https:\/\/mat-travel.com\/wp-content\/uploads\/2021\/08\/Maasia-Mara-300x199.jpg 300w, https:\/\/mat-travel.com\/wp-content\/uploads\/2021\/08\/Maasia-Mara-768x509.jpg 768w, https:\/\/mat-travel.com\/wp-content\/uploads\/2021\/08\/Maasia-Mara-1536x1019.jpg 1536w, https:\/\/mat-travel.com\/wp-content\/uploads\/2021\/08\/Maasia-Mara-18x12.jpg 18w, https:\/\/mat-travel.com\/wp-content\/uploads\/2021\/08\/Maasia-Mara.jpg 2048w\" sizes=\"auto, (max-width: 1024px) 100vw, 1024px\" \/><\/figure><\/div>\n\n\n\n<p>In der Masai Mara feiert Mutter Natur ihr ganzes K\u00f6nnen. Der Nationalpark an der Grenze zu Tansania ist weltber\u00fchmt f\u00fcr die Gro\u00dfe Tierwanderung, bei der Tausende von Gnus, Zebras und Thomson-Gazellen in die Serengeti und wieder zur\u00fcck ziehen.<\/p>\n\n\n\n<p>Unterwegs m\u00fcssen die Tiere Fl\u00fcsse voller hungriger Krokodile \u00fcberqueren und an anderen Raubtieren wie L\u00f6wen, Geparden und Leoparden vorbeikommen, die nur darauf warten, die Schwachen zu erlegen.<\/p>\n\n\n\n<p>Neben den unglaublichen Wildtierbeobachtungen ist der Park auch die Heimat der Massai. Der Stamm lebt hier seit Jahrhunderten, und ein Besuch des Parks gibt Ihnen einen Einblick in Kenias faszinierende lokale Kultur, Traditionen und Geschichte.<\/p>\n\n\n\n<h3 class=\"wp-block-heading\">Amboseli Nationalreservat<\/h3>\n\n\n\n<p>Die Kr\u00f6nung des Amboseli-Nationalreservats ist der Kilimandscharo \u2013 Afrikas h\u00f6chster Berg und einer der Sieben Gipfel der Welt.<\/p>\n\n\n\n<p>Der Park liegt etwa vier Stunden von Nairobi entfernt und wird von Reisenden gerne besucht, um die gro\u00dfen Elefantenherden, Gro\u00dfkatzen und rund 600 Vogelarten zu sehen, die hier heimisch sind.<\/p>\n\n\n\n<div class=\"wp-block-image\"><figure class=\"aligncenter size-large\"><img loading=\"lazy\" decoding=\"async\" width=\"1024\" height=\"683\" src=\"https:\/\/mat-travel.com\/wp-content\/uploads\/2021\/08\/Amboseli-National-Reserve-1024x683.jpg\" alt=\"Elephants in Amboseli National Reserve \" class=\"wp-image-6729\" srcset=\"https:\/\/mat-travel.com\/wp-content\/uploads\/2021\/08\/Amboseli-National-Reserve-1024x683.jpg 1024w, https:\/\/mat-travel.com\/wp-content\/uploads\/2021\/08\/Amboseli-National-Reserve-300x200.jpg 300w, https:\/\/mat-travel.com\/wp-content\/uploads\/2021\/08\/Amboseli-National-Reserve-768x512.jpg 768w, https:\/\/mat-travel.com\/wp-content\/uploads\/2021\/08\/Amboseli-National-Reserve-1536x1025.jpg 1536w, https:\/\/mat-travel.com\/wp-content\/uploads\/2021\/08\/Amboseli-National-Reserve-18x12.jpg 18w, https:\/\/mat-travel.com\/wp-content\/uploads\/2021\/08\/Amboseli-National-Reserve.jpg 2048w\" sizes=\"auto, (max-width: 1024px) 100vw, 1024px\" \/><\/figure><\/div>\n\n\n\n<p>Was Amboseli jedoch zu einem wirklich einzigartigen Safariziel in Kenia macht, sind die unterschiedlichen Lebensr\u00e4ume. Auf Ihrer Pirschfahrt erleben Sie das ausgetrocknete Bett des Amboseli-Sees, Savannenebenen, W\u00e4lder und Feuchtgebiete mit Schwefelquellen.<\/p>\n\n\n\n<h3 class=\"wp-block-heading\">Insel Lamu<\/h3>\n\n\n\n<p>Die Insel Lamu ist ein unglaubliches Reiseziel in Kenia. Die kleine Insel nord\u00f6stlich von Mombasa ist Kenias \u00e4lteste durchgehend bewohnte Siedlung und ein UNESCO-Weltkulturerbe .<\/p>\n\n\n\n<div class=\"wp-block-image\"><figure class=\"aligncenter size-large\"><img loading=\"lazy\" decoding=\"async\" width=\"1024\" height=\"680\" src=\"https:\/\/mat-travel.com\/wp-content\/uploads\/2021\/08\/Lamu-Island--1024x680.jpg\" alt=\"Lamu Island Coast \" class=\"wp-image-6730\" srcset=\"https:\/\/mat-travel.com\/wp-content\/uploads\/2021\/08\/Lamu-Island--1024x680.jpg 1024w, https:\/\/mat-travel.com\/wp-content\/uploads\/2021\/08\/Lamu-Island--300x199.jpg 300w, https:\/\/mat-travel.com\/wp-content\/uploads\/2021\/08\/Lamu-Island--768x510.jpg 768w, https:\/\/mat-travel.com\/wp-content\/uploads\/2021\/08\/Lamu-Island--1536x1020.jpg 1536w, https:\/\/mat-travel.com\/wp-content\/uploads\/2021\/08\/Lamu-Island--18x12.jpg 18w, https:\/\/mat-travel.com\/wp-content\/uploads\/2021\/08\/Lamu-Island-.jpg 2048w\" sizes=\"auto, (max-width: 1024px) 100vw, 1024px\" \/><\/figure><\/div>\n\n\n\n<p>Die Geschichte der Insel reicht bis ins 12. Jahrhundert zur\u00fcck. In der Altstadt von Lamu k\u00f6nnen Sie den Charme der alten Welt Kenyas aufsaugen.<\/p>\n\n\n\n<p>Verbringen Sie Ihre Reise und schlendern Sie durch die Stra\u00dfen, die von architektonischen Einfl\u00fcssen aus Europa, Indien und der arabischen Welt ges\u00e4umt sind. K\u00fchlen Sie sich bei einer traditionellen Dhau-Bootsfahrt bei Sonnenuntergang von der Hitze des Tages ab und reisen Sie mit einem Besuch des Lamu-Museums in die Vergangenheit zur\u00fcck. Hier finden Sie Ausstellungen zur Swahili-Kultur, der Seefahrtsgeschichte der Region und dem legend\u00e4ren Lamu-Fort.<\/p>\n\n\n\n<h3 class=\"wp-block-heading\">Elefantenaufzuchtstation des David Sheldrick Wildlife Trust<\/h3>\n\n\n\n<p>W\u00e4hrend die meisten Touristen Nairobi als Zwischenstopp nutzen und die Stadt gleich wieder verlassen, um die Nationalparks Kenias zu erkunden, gibt es in der Hauptstadt eine Handvoll Sehensw\u00fcrdigkeiten, die einen Besuch wert sind.<\/p>\n\n\n\n<p>Die <a href=\"https:\/\/www.sheldrickwildlifetrust.org\/\" target=\"_blank\" rel=\"noreferrer noopener\">Elefantenaufzuchtstation des David Sheldrick Wildlife Trust<\/a> leistet f\u00fchrende Arbeit im Artenschutz. Kommen Sie f\u00fcr einen Halbtagesausflug hierher und treffen Sie die verwaisten Elefantenbabys des Trusts.<\/p>\n\n\n\n<p>Die j\u00fcngsten Tiere werden bis zum Alter von zwei Jahren von Hand aufgezogen. Von dort bringt das Schutzgebiet sie in ein Reintegrationszentrum im Tsavo-Nationalpark, bevor sie wieder in die Wildnis entlassen werden.<\/p>\n\n\n\n<p>M\u00f6chten Sie mehr f\u00fcr diese Tiere tun? Sie k\u00f6nnen einen verwaisten Elefanten adoptieren und erhalten regelm\u00e4\u00dfig Updates \u00fcber seinen Rehabilitationsfortschritt.<\/p>\n\n\n\n<h3 class=\"wp-block-heading\">Malindi<\/h3>\n\n\n\n<div class=\"wp-block-image\"><figure class=\"aligncenter size-large\"><img loading=\"lazy\" decoding=\"async\" width=\"1024\" height=\"680\" src=\"https:\/\/mat-travel.com\/wp-content\/uploads\/2021\/08\/Malindi-1024x680.jpg\" alt=\"Malindi \" class=\"wp-image-6731\" srcset=\"https:\/\/mat-travel.com\/wp-content\/uploads\/2021\/08\/Malindi-1024x680.jpg 1024w, https:\/\/mat-travel.com\/wp-content\/uploads\/2021\/08\/Malindi-300x199.jpg 300w, https:\/\/mat-travel.com\/wp-content\/uploads\/2021\/08\/Malindi-768x510.jpg 768w, https:\/\/mat-travel.com\/wp-content\/uploads\/2021\/08\/Malindi-1536x1020.jpg 1536w, https:\/\/mat-travel.com\/wp-content\/uploads\/2021\/08\/Malindi-18x12.jpg 18w, https:\/\/mat-travel.com\/wp-content\/uploads\/2021\/08\/Malindi.jpg 2048w\" sizes=\"auto, (max-width: 1024px) 100vw, 1024px\" \/><\/figure><\/div>\n\n\n\n<p>W\u00e4hrend die meisten Reisenden Kenia als Safariziel betrachten, kann die kenyianische K\u00fcste es durchaus mit Sansibar und den Seychellen aufnehmen.<\/p>\n\n\n\n<p>In Malindi befindet sich der Watamu Marine Nationalpark. Er bietet einige der besten Schnorchelm\u00f6glichkeiten Ostafrikas und Sie k\u00f6nnen an unber\u00fchrten Korallenriffen, tropischen Fischen und (mit etwas Gl\u00fcck) gef\u00e4hrdeten Meeresschildkr\u00f6ten vorbeischwimmen.<\/p>\n\n\n\n<p>Die wei\u00dfen Sandstr\u00e4nde locken Sonnenanbeter aus aller Welt an und die reiche Handelsgeschichte der Region bedeutet, dass Sie hier ein buntes Sammelsurium an Kulturen und K\u00fcchen vorfinden.<\/p>\n\n\n\n<p>Brauchen Sie eine Pause vom Meer?<\/p>\n\n\n\n<p>Besuchen Sie Malindis historische Altstadt, deren Geschichte bis ins 12. Jahrhundert zur\u00fcckreicht. Hier finden Sie Sehensw\u00fcrdigkeiten wie die Jami-Moschee, die Kirche des Heiligen Franz Xaver und das Vasco-da-Gama-Kreuz.<\/p>\n\n\n\n<h2 class=\"wp-block-heading\">Mount Kenya Nationalpark<\/h2>\n\n\n\n<p>\u00d6stlich des Gro\u00dfen Afrikanischen Grabenbruchs liegt der Mount-Kenya-Nationalpark. Das UNESCO-Welterbe beherbergt den h\u00f6chsten Berg des Landes.<\/p>\n\n\n\n<p>Der Mount Kenya liegt 5.199 Meter \u00fcber dem Meeresspiegel und besteht aus drei Gletschergipfeln. Wanderer k\u00f6nnen w\u00e4hlen, welchen sie besteigen m\u00f6chten: Batian, Nelion oder Lenana.<\/p>\n\n\n\n<p>Auch wenn Sie kein Wanderer sind, ist der Park einen Besuch wert. Es erwarten Sie beeindruckende Naturlandschaften und eine reiche Flora und Fauna f\u00fcr unvergessliche Safaris.<\/p>\n\n\n\n<h2 class=\"wp-block-heading\">Kenya Reisetips<\/h2>\n\n\n\n<p><strong>Sprachen in Kenya: <\/strong>Kenia hat zwei Amtssprachen: Englisch und Suaheli. Die meisten Einheimischen sprechen eine Mischung aus beiden Sprachen sowie ihre Stammessprache.<\/p>\n\n\n\n<p><strong>Gelbfieber Impfung:<\/strong> F\u00fcr Ihre Reise nach Kenia m\u00fcssen Sie Ihren Arzt aufsuchen und sich gegen Gelbfieber impfen lassen. Die Impfung muss bei Ihrer Ankunft mindestens 10 Tage alt sein. Ohne diese Impfung ist die Einreise nach Kenia nicht gestattet.<\/p>\n\n\n\n<p><strong>Malaria: <\/strong>In Kenia besteht in bestimmten Regionen ein hohes Malariarisiko. In Nairobi und Umgebung ist es gering. Sie sollten jedoch die Einnahme von Malariamedikamenten in Erw\u00e4gung ziehen, wenn Sie in die zentralen, \u00f6stlichen und westlichen Provinzen sowie ins Rift Valley und nach Nyanza reisen. Sprechen Sie vor Ihrer Ankunft in Kenia mit Ihrem Arzt, um aktuelle Empfehlungen zur richtigen Malariatablette zu erhalten.<\/p>\n\n\n\n<p><strong>W\u00e4hrung: <\/strong>Die offizielle W\u00e4hrung in Kenia ist der Kenia-Schilling. Der US-Dollar wird jedoch weitgehend akzeptiert und ist die bevorzugte W\u00e4hrung f\u00fcr Safaris und Nationalparks.<\/p>\n\n\n\n<h2 class=\"wp-block-heading\">Reisevisabestimmungen f\u00fcr Kenya<\/h2>\n\n\n\n<p>Alle Reisenden nach Kenia ben\u00f6tigen:<\/p>\n\n\n\n<ul class=\"wp-block-list\"><li>Einen g\u00fcltiger Reisepass mit zwei leeren Seiten, der noch mindestens sechs Monate g\u00fcltig ist.<\/li><li>Nachweis eines R\u00fcckflugtickets oder Weiterreisedokumente.<\/li><li>Gelbfieber-Impfbescheinigung.<\/li><\/ul>\n\n\n\n<p>Abh\u00e4ngig von Ihrer Nationalit\u00e4t k\u00f6nnen Sie ein <a href=\"https:\/\/evisa.go.ke\/evisa.html\" target=\"_blank\" rel=\"noreferrer noopener\">eVisa <\/a>oder ein Visa on Arrival nach Ihrer Ankunft erwerben. Wenn Sie jedoch zu anderen Zielen in Afrika reisen, ist es sinnvoll, das Ostafrika-Visum zu beantragen.<\/p>\n\n\n\n<p>Sie erhalten Zugang zu Uganda, Ruanda und Kenia zu einem Bruchteil der Kosten, die Sie f\u00fcr jedes Visum einzeln zahlen w\u00fcrden. Um das Ostafrika-Visum zu erhalten, m\u00fcssen Sie vor Ihrer Ankunft online einen Antrag stellen und die Verwaltungs- und Bearbeitungsgeb\u00fchren bezahlen.<\/p>\n\n\n\n<p>Erkundigen Sie sich immer beim kenianischen Konsulat in Ihrem Land nach den neuesten <a href=\"https:\/\/kenyaembassydc.org\/evisa\/\">Visa-Bestimmungen<\/a> bevor Sie Ihre Reise beginnen.<\/p>\n\n\n\n<h2 class=\"wp-block-heading\">Safarioptionen in Kenya<\/h2>\n\n\n\n<div class=\"wp-block-image\"><figure class=\"aligncenter size-large\"><img loading=\"lazy\" decoding=\"async\" width=\"1024\" height=\"768\" src=\"https:\/\/mat-travel.com\/wp-content\/uploads\/2021\/08\/Dream-Safari-1024x768.jpg\" alt=\"Dreaming of a Kenya Safari \" class=\"wp-image-6732\" srcset=\"https:\/\/mat-travel.com\/wp-content\/uploads\/2021\/08\/Dream-Safari-1024x768.jpg 1024w, https:\/\/mat-travel.com\/wp-content\/uploads\/2021\/08\/Dream-Safari-300x225.jpg 300w, https:\/\/mat-travel.com\/wp-content\/uploads\/2021\/08\/Dream-Safari-768x576.jpg 768w, https:\/\/mat-travel.com\/wp-content\/uploads\/2021\/08\/Dream-Safari-1536x1152.jpg 1536w, https:\/\/mat-travel.com\/wp-content\/uploads\/2021\/08\/Dream-Safari-16x12.jpg 16w, https:\/\/mat-travel.com\/wp-content\/uploads\/2021\/08\/Dream-Safari.jpg 2048w\" sizes=\"auto, (max-width: 1024px) 100vw, 1024px\" \/><\/figure><\/div>\n\n\n\n<p><strong>Gef\u00fchrte Safaris:<\/strong> Um das Beste aus Ihrer Kenia-Safari herauszuholen, buchen Sie am besten eine gef\u00fchrte Safari. Kenias Nationalparks sind riesig, und unerfahrene Reisende werden es schwer haben, einmalige Sehensw\u00fcrdigkeiten zu entdecken. Gef\u00fchrte Safaris in Kenia werden in der Regel von einem professionellen Team begleitet, sodass Sie sich nicht um den Aufbau Ihres Lagers, die Orientierung auf den Stra\u00dfen, die Verpflegung und die Zeltunterkunft k\u00fcmmern m\u00fcssen.<\/p>\n\n\n\n<p><strong>Gruppen Safaritouren:<\/strong> Suchen Sie eine preisg\u00fcnstige Safari in Kenia? Mit einer Gruppensafari sind Sie genau richtig. Von der Ankunft bis zur Abreise und allem, was dazwischen liegt, ist Ihre Reise nach Kenia stressfrei. Sie k\u00f6nnen sich einer Gruppenreise mit anderen Reisenden anschlie\u00dfen. Das bietet oft die g\u00fcnstiger Option gegen\u00fcber privaten gef\u00fchrten Safaris.<\/p>\n\n\n\n<p><strong>Direktflug zur Safari:<\/strong> M\u00f6chten Sie Kenia in seiner ganzen Vielfalt erleben, haben aber wenig Zeit? Fl\u00fcge direkt in ein Natur Reservat sind die luxuri\u00f6seste Art, Kenia zu bereisen. Mit einem Flug direkt in den Busch sparen Sie sich mehrt\u00fcndige Autofahrten und landen in weniger als einer Stunde direkt bei Ihrer Lodge. Und das Beste daran? Sie erleben Kenia unterwegs aus der Vogelperspektive.&nbsp;<\/p>","protected":false},"excerpt":{"rendered":"<p>While Kenya is most commonly associated with safaris and the Maasai Mara, the country is full of incredible travel experiences that extend far beyond the stereotypes. From a coastline that gives Zanzibar a run for its money to a fairy-tale island that transports you back into time and a melting pot of cultures and architecture, [&hellip;]<\/p>\n","protected":false},"author":1,"featured_media":6729,"parent":0,"menu_order":0,"comment_status":"closed","ping_status":"closed","template":"","meta":{"_uag_custom_page_level_css":"","site-sidebar-layout":"no-sidebar","site-content-layout":"plain-container","ast-site-content-layout":"default","site-content-style":"default","site-sidebar-style":"default","ast-global-header-display":"","ast-banner-title-visibility":"","ast-main-header-display":"","ast-hfb-above-header-display":"","ast-hfb-below-header-display":"","ast-hfb-mobile-header-display":"","site-post-title":"","ast-breadcrumbs-content":"","ast-featured-img":"","footer-sml-layout":"","ast-disable-related-posts":"","theme-transparent-header-meta":"default","adv-header-id-meta":"","stick-header-meta":"","header-above-stick-meta":"","header-main-stick-meta":"","header-below-stick-meta":"","astra-migrate-meta-layouts":"default","ast-page-background-enabled":"default","ast-page-background-meta":{"desktop":{"background-color":"","background-image":"","background-repeat":"repeat","background-position":"center center","background-size":"auto","background-attachment":"scroll","background-type":"","background-media":"","overlay-type":"","overlay-color":"","overlay-opacity":"","overlay-gradient":""},"tablet":{"background-color":"","background-image":"","background-repeat":"repeat","background-position":"center center","background-size":"auto","background-attachment":"scroll","background-type":"","background-media":"","overlay-type":"","overlay-color":"","overlay-opacity":"","overlay-gradient":""},"mobile":{"background-color":"","background-image":"","background-repeat":"repeat","background-position":"center center","background-size":"auto","background-attachment":"scroll","background-type":"","background-media":"","overlay-type":"","overlay-color":"","overlay-opacity":"","overlay-gradient":""}},"ast-content-background-meta":{"desktop":{"background-color":"var(--ast-global-color-5)","background-image":"","background-repeat":"repeat","background-position":"center center","background-size":"auto","background-attachment":"scroll","background-type":"","background-media":"","overlay-type":"","overlay-color":"","overlay-opacity":"","overlay-gradient":""},"tablet":{"background-color":"var(--ast-global-color-5)","background-image":"","background-repeat":"repeat","background-position":"center center","background-size":"auto","background-attachment":"scroll","background-type":"","background-media":"","overlay-type":"","overlay-color":"","overlay-opacity":"","overlay-gradient":""},"mobile":{"background-color":"var(--ast-global-color-5)","background-image":"","background-repeat":"repeat","background-position":"center center","background-size":"auto","background-attachment":"scroll","background-type":"","background-media":"","overlay-type":"","overlay-color":"","overlay-opacity":"","overlay-gradient":""}},"slim_seo":{"title":"Kenya Reisef\u00fchrer -Der ultimative Reisef\u00fchrer. Buchen Sie Ihre Traum-Safari","description":"Die beste Reisezeit f\u00fcr Kenia, beliebte Reiseziele und Einreisebestimmungen. Alles, was Sie brauchen, um die ultimative Safari in Kenia zu planen."},"footnotes":""},"class_list":["post-6721","page","type-page","status-publish","has-post-thumbnail","hentry"],"uagb_featured_image_src":{"full":["https:\/\/mat-travel.com\/wp-content\/uploads\/2021\/08\/Amboseli-National-Reserve.jpg",2048,1366,false],"thumbnail":["https:\/\/mat-travel.com\/wp-content\/uploads\/2021\/08\/Amboseli-National-Reserve-150x150.jpg",150,150,true],"medium":["https:\/\/mat-travel.com\/wp-content\/uploads\/2021\/08\/Amboseli-National-Reserve-300x200.jpg",300,200,true],"medium_large":["https:\/\/mat-travel.com\/wp-content\/uploads\/2021\/08\/Amboseli-National-Reserve-768x512.jpg",768,512,true],"large":["https:\/\/mat-travel.com\/wp-content\/uploads\/2021\/08\/Amboseli-National-Reserve-1024x683.jpg",1024,683,true],"trip-thumb-size":["https:\/\/mat-travel.com\/wp-content\/uploads\/2021\/08\/Amboseli-National-Reserve.jpg",339,226,false],"destination-thumb-size":["https:\/\/mat-travel.com\/wp-content\/uploads\/2021\/08\/Amboseli-National-Reserve.jpg",600,400,false],"destination-thumb-trip-size":["https:\/\/mat-travel.com\/wp-content\/uploads\/2021\/08\/Amboseli-National-Reserve.jpg",375,250,false],"activities-thumb-size":["https:\/\/mat-travel.com\/wp-content\/uploads\/2021\/08\/Amboseli-National-Reserve.jpg",600,400,false],"trip-single-size":["https:\/\/mat-travel.com\/wp-content\/uploads\/2021\/08\/Amboseli-National-Reserve.jpg",735,490,false],"1536x1536":["https:\/\/mat-travel.com\/wp-content\/uploads\/2021\/08\/Amboseli-National-Reserve-1536x1025.jpg",1536,1025,true],"2048x2048":["https:\/\/mat-travel.com\/wp-content\/uploads\/2021\/08\/Amboseli-National-Reserve.jpg",2048,1366,false],"trp-custom-language-flag":["https:\/\/mat-travel.com\/wp-content\/uploads\/2021\/08\/Amboseli-National-Reserve-18x12.jpg",18,12,true],"wte-embed-list-image":["https:\/\/mat-travel.com\/wp-content\/uploads\/2021\/08\/Amboseli-National-Reserve.jpg",252,168,false],"wte-embed-grid-image":["https:\/\/mat-travel.com\/wp-content\/uploads\/2021\/08\/Amboseli-National-Reserve.jpg",400,267,false]},"uagb_author_info":{"display_name":"MatAdmin","author_link":"https:\/\/mat-travel.com\/de\/author\/getlostinnamibiawithus\/"},"uagb_comment_info":0,"uagb_excerpt":"While Kenya is most commonly associated with safaris and the Maasai Mara, the country is full of incredible travel experiences that extend far beyond the stereotypes. From a coastline that gives Zanzibar a run for its money to a fairy-tale island that transports you back into time and a melting pot of cultures and architecture,&hellip;","_links":{"self":[{"href":"https:\/\/mat-travel.com\/de\/wp-json\/wp\/v2\/pages\/6721","targetHints":{"allow":["GET"]}}],"collection":[{"href":"https:\/\/mat-travel.com\/de\/wp-json\/wp\/v2\/pages"}],"about":[{"href":"https:\/\/mat-travel.com\/de\/wp-json\/wp\/v2\/types\/page"}],"author":[{"embeddable":true,"href":"https:\/\/mat-travel.com\/de\/wp-json\/wp\/v2\/users\/1"}],"replies":[{"embeddable":true,"href":"https:\/\/mat-travel.com\/de\/wp-json\/wp\/v2\/comments?post=6721"}],"version-history":[{"count":8,"href":"https:\/\/mat-travel.com\/de\/wp-json\/wp\/v2\/pages\/6721\/revisions"}],"predecessor-version":[{"id":6769,"href":"https:\/\/mat-travel.com\/de\/wp-json\/wp\/v2\/pages\/6721\/revisions\/6769"}],"wp:featuredmedia":[{"embeddable":true,"href":"https:\/\/mat-travel.com\/de\/wp-json\/wp\/v2\/media\/6729"}],"wp:attachment":[{"href":"https:\/\/mat-travel.com\/de\/wp-json\/wp\/v2\/media?parent=6721"}],"curies":[{"name":"wp","href":"https:\/\/api.w.org\/{rel}","templated":true}]}}